{"id":873,"date":"2022-12-09T19:32:46","date_gmt":"2022-12-09T19:32:46","guid":{"rendered":"https:\/\/csbattery.cn\/?page_id=873"},"modified":"2024-03-13T08:22:21","modified_gmt":"2024-03-13T08:22:21","slug":"network-service","status":"publish","type":"page","link":"https:\/\/csbattery.cn\/fr\/network-service\/","title":{"rendered":"Service r\u00e9seau"},"content":{"rendered":"<div data-elementor-type=\"wp-page\" data-elementor-id=\"873\" class=\"elementor elementor-873\" data-elementor-post-type=\"page\">\n\t\t\t\t\t\t<section class=\"elementor-section elementor-top-section elementor-element elementor-element-8ff40b6 elementor-section-height-min-height elementor-section-boxed elementor-section-height-default elementor-section-items-middle\" data-id=\"8ff40b6\" data-element_type=\"section\" data-settings=\"{&quot;jet_parallax_layout_list&quot;:[],&quot;background_background&quot;:&quot;classic&quot;}\">\n\t\t\t\t\t\t<div class=\"elementor-container elementor-column-gap-default\">\n\t\t\t\t\t<div class=\"elementor-column elementor-col-50 elementor-top-column elementor-element elementor-element-f90e8c5\" data-id=\"f90e8c5\" data-element_type=\"column\" data-settings=\"{&quot;background_background&quot;:&quot;classic&quot;}\">\n\t\t\t<div class=\"elementor-widget-wrap elementor-element-populated\">\n\t\t\t\t\t\t<div class=\"elementor-element elementor-element-c736501 elementor-widget elementor-widget-heading\" data-id=\"c736501\" data-element_type=\"widget\" data-widget_type=\"heading.default\">\n\t\t\t\t\t<h2 class=\"elementor-heading-title elementor-size-default\">Bienvenue en tant que partenaire CSBattery<\/h2>\t\t\t\t<\/div>\n\t\t\t\t<div class=\"elementor-element elementor-element-6d6f633 elementor-widget elementor-widget-heading\" data-id=\"6d6f633\" data-element_type=\"widget\" data-widget_type=\"heading.default\">\n\t\t\t\t\t<h2 class=\"elementor-heading-title elementor-size-default\">Distributeur, d\u00e9taillant, Wholesaler Rejoignez-nous avec l&#039;un de ces r\u00f4les<\/h2>\t\t\t\t<\/div>\n\t\t\t\t\t<\/div>\n\t\t<\/div>\n\t\t\t\t<div class=\"elementor-column elementor-col-50 elementor-top-column elementor-element elementor-element-5684fdf\" data-id=\"5684fdf\" data-element_type=\"column\">\n\t\t\t<div class=\"elementor-widget-wrap\">\n\t\t\t\t\t\t\t<\/div>\n\t\t<\/div>\n\t\t\t\t\t<\/div>\n\t\t<\/section>\n\t\t\t\t<section class=\"elementor-section elementor-top-section elementor-element elementor-element-75d0441 elementor-reverse-mobile elementor-section-boxed elementor-section-height-default elementor-section-height-default\" data-id=\"75d0441\" data-element_type=\"section\" data-settings=\"{&quot;jet_parallax_layout_list&quot;:[]}\">\n\t\t\t\t\t\t<div class=\"elementor-container elementor-column-gap-default\">\n\t\t\t\t\t<div class=\"elementor-column elementor-col-33 elementor-top-column elementor-element elementor-element-905eb99\" data-id=\"905eb99\" data-element_type=\"column\">\n\t\t\t<div class=\"elementor-widget-wrap elementor-element-populated\">\n\t\t\t\t\t\t<section class=\"elementor-section elementor-inner-section elementor-element elementor-element-0d05f3c elementor-section-boxed elementor-section-height-default elementor-section-height-default\" data-id=\"0d05f3c\" data-element_type=\"section\" data-settings=\"{&quot;jet_parallax_layout_list&quot;:[],&quot;background_background&quot;:&quot;classic&quot;,&quot;sticky&quot;:&quot;top&quot;,&quot;sticky_on&quot;:[&quot;desktop&quot;,&quot;tablet&quot;],&quot;sticky_offset&quot;:100,&quot;sticky_parent&quot;:&quot;yes&quot;,&quot;sticky_effects_offset&quot;:0,&quot;sticky_anchor_link_offset&quot;:0}\">\n\t\t\t\t\t\t<div class=\"elementor-container elementor-column-gap-default\">\n\t\t\t\t\t<div class=\"elementor-column elementor-col-100 elementor-inner-column elementor-element elementor-element-6200511\" data-id=\"6200511\" data-element_type=\"column\">\n\t\t\t<div class=\"elementor-widget-wrap elementor-element-populated\">\n\t\t\t\t\t\t<div class=\"elementor-element elementor-element-992981e elementor-widget elementor-widget-heading\" data-id=\"992981e\" data-element_type=\"widget\" data-widget_type=\"heading.default\">\n\t\t\t\t\t<h5 class=\"elementor-heading-title elementor-size-default\">Service technique\n<\/h5>\t\t\t\t<\/div>\n\t\t\t\t<div class=\"elementor-element elementor-element-cf943a6 Categories-Menu elementor-icon-list--layout-traditional elementor-list-item-link-full_width elementor-widget elementor-widget-global elementor-global-920 elementor-widget-icon-list\" data-id=\"cf943a6\" data-element_type=\"widget\" data-widget_type=\"icon-list.default\">\n\t\t\t\t\t\t\t<ul class=\"elementor-icon-list-items\">\n\t\t\t\t\t\t\t<li class=\"elementor-icon-list-item\">\n\t\t\t\t\t\t\t\t\t\t\t<a href=\"\/fr\/network-service\/\">\n\n\t\t\t\t\t\t\t\t\t\t\t<span class=\"elementor-icon-list-text\">Service r\u00e9seau<\/span>\n\t\t\t\t\t\t\t\t\t\t\t<\/a>\n\t\t\t\t\t\t\t\t\t<\/li>\n\t\t\t\t\t\t\t\t<li class=\"elementor-icon-list-item\">\n\t\t\t\t\t\t\t\t\t\t\t<a href=\"\/fr\/technical-support\/\">\n\n\t\t\t\t\t\t\t\t\t\t\t<span class=\"elementor-icon-list-text\">Soutien technique<\/span>\n\t\t\t\t\t\t\t\t\t\t\t<\/a>\n\t\t\t\t\t\t\t\t\t<\/li>\n\t\t\t\t\t\t\t\t<li class=\"elementor-icon-list-item\">\n\t\t\t\t\t\t\t\t\t\t\t<a href=\"\/fr\/faqs\/\">\n\n\t\t\t\t\t\t\t\t\t\t\t<span class=\"elementor-icon-list-text\">FAQ<\/span>\n\t\t\t\t\t\t\t\t\t\t\t<\/a>\n\t\t\t\t\t\t\t\t\t<\/li>\n\t\t\t\t\t\t\t\t<li class=\"elementor-icon-list-item\">\n\t\t\t\t\t\t\t\t\t\t\t<a href=\"\/fr\/tech-doc-download\/\">\n\n\t\t\t\t\t\t\t\t\t\t\t<span class=\"elementor-icon-list-text\">T\u00e9l\u00e9chargement de la documentation technique<\/span>\n\t\t\t\t\t\t\t\t\t\t\t<\/a>\n\t\t\t\t\t\t\t\t\t<\/li>\n\t\t\t\t\t\t<\/ul>\n\t\t\t\t\t\t<\/div>\n\t\t\t\t<div class=\"elementor-element elementor-element-43172e2 elementor-cta--skin-cover elementor-bg-transform elementor-bg-transform-zoom-in elementor-widget elementor-widget-call-to-action\" data-id=\"43172e2\" data-element_type=\"widget\" data-widget_type=\"call-to-action.default\">\n\t\t\t\t\t\t\t<div class=\"elementor-cta\">\n\t\t\t\t\t<div class=\"elementor-cta__bg-wrapper\">\n\t\t\t\t<div class=\"elementor-cta__bg elementor-bg\" style=\"background-image: url(https:\/\/csbattery.cn\/wp-content\/uploads\/2022\/12\/Need-Battery-Urgent.jpg);\" role=\"img\" aria-label=\"Single Product Template, storage battery, nickel iron battery\"><\/div>\n\t\t\t\t<div class=\"elementor-cta__bg-overlay\"><\/div>\n\t\t\t<\/div>\n\t\t\t\t\t\t\t<div class=\"elementor-cta__content\">\n\t\t\t\t\n\t\t\t\t\t\t\t\t\t<h2 class=\"elementor-cta__title elementor-cta__content-item elementor-content-item\">\n\t\t\t\t\t\tBesoin d&#039;une batterie urgente\u00a0?\t\t\t\t\t<\/h2>\n\t\t\t\t\n\t\t\t\t\t\t\t\t\t<div class=\"elementor-cta__description elementor-cta__content-item elementor-content-item\">\n\t\t\t\t\t\tVous pouvez nous contacter de la mani\u00e8re qui vous convient. Nous sommes disponibles 24h\/24 et 7j\/7 via : info@csbattery.cn ou WhatsApp\/WeChat : +8613612867133\t\t\t\t\t<\/div>\n\t\t\t\t\n\t\t\t\t\t\t\t\t\t<div class=\"elementor-cta__button-wrapper elementor-cta__content-item elementor-content-item\">\n\t\t\t\t\t<a class=\"elementor-cta__button elementor-button elementor-size-md\" href=\"\/fr\/contact-us\/\">\n\t\t\t\t\t\tCONTACTEZ-NOUS\t\t\t\t\t<\/a>\n\t\t\t\t\t<\/div>\n\t\t\t\t\t\t\t<\/div>\n\t\t\t\t\t\t<\/div>\n\t\t\t\t\t\t<\/div>\n\t\t\t\t<div class=\"elementor-element elementor-element-ff479ae elementor-widget elementor-widget-spacer\" data-id=\"ff479ae\" data-element_type=\"widget\" data-widget_type=\"spacer.default\">\n\t\t\t\t\t\t\t<div class=\"elementor-spacer\">\n\t\t\t<div class=\"elementor-spacer-inner\"><\/div>\n\t\t<\/div>\n\t\t\t\t\t\t<\/div>\n\t\t\t\t<div class=\"elementor-element elementor-element-0b50996 elementor-widget elementor-widget-heading\" data-id=\"0b50996\" data-element_type=\"widget\" data-widget_type=\"heading.default\">\n\t\t\t\t\t<h5 class=\"elementor-heading-title elementor-size-default\">Nouveaux produits<\/h5>\t\t\t\t<\/div>\n\t\t\t\t<div class=\"elementor-element elementor-element-1e6c71d elementor-widget elementor-widget-image\" data-id=\"1e6c71d\" data-element_type=\"widget\" data-widget_type=\"image.default\">\n\t\t\t\t\t\t\t\t\t\t\t\t\t\t\t<img decoding=\"async\" width=\"106\" height=\"21\" src=\"https:\/\/csbattery.cn\/wp-content\/uploads\/2022\/11\/title_line.png\" class=\"attachment-large size-large wp-image-62\" alt=\"title_line\uff0cstorage-battery\uff0chome solar energy system\uff0clithium cell\" \/>\t\t\t\t\t\t\t\t\t\t\t\t\t\t\t<\/div>\n\t\t\t\t<div class=\"elementor-element elementor-element-8ad51f3 elementor-grid-1 elementor-grid-tablet-1 elementor-posts--thumbnail-left elementor-grid-mobile-1 elementor-widget elementor-widget-posts\" data-id=\"8ad51f3\" data-element_type=\"widget\" data-settings=\"{&quot;classic_columns&quot;:&quot;1&quot;,&quot;classic_columns_tablet&quot;:&quot;1&quot;,&quot;classic_row_gap&quot;:{&quot;unit&quot;:&quot;px&quot;,&quot;size&quot;:20,&quot;sizes&quot;:[]},&quot;classic_columns_mobile&quot;:&quot;1&quot;,&quot;classic_row_gap_tablet&quot;:{&quot;unit&quot;:&quot;px&quot;,&quot;size&quot;:&quot;&quot;,&quot;sizes&quot;:[]},&quot;classic_row_gap_mobile&quot;:{&quot;unit&quot;:&quot;px&quot;,&quot;size&quot;:&quot;&quot;,&quot;sizes&quot;:[]}}\" data-widget_type=\"posts.classic\">\n\t\t\t\t<div class=\"elementor-widget-container\">\n\t\t\t\t\t\t\t<div class=\"elementor-posts-container elementor-posts elementor-posts--skin-classic elementor-grid\" role=\"list\">\n\t\t\t\t<article class=\"elementor-post elementor-grid-item post-354 products type-products status-publish has-post-thumbnail hentry product_tag-2v-12v-battery product_tag-50-dod-3300-cycles-opzv-battery product_tag-german-gel-electrolyte-battery product_tag-supper-deep-cycle-battery product_tag-tubular-gel-battery product_category-opzv-tubular-gel-battery product_category-opzv-opzs-tubular-battery product_category-solar-microgrids product_category-telecom product_category-utility\" role=\"listitem\">\n\t\t\t\t<a class=\"elementor-post__thumbnail__link\" href=\"https:\/\/csbattery.cn\/fr\/products\/opzv-tubular-gel-deep-cycle-battery\/\" tabindex=\"-1\" >\n\t\t\t<div class=\"elementor-post__thumbnail\"><img fetchpriority=\"high\" decoding=\"async\" width=\"300\" height=\"300\" src=\"https:\/\/csbattery.cn\/wp-content\/uploads\/2022\/12\/OPzV-Series-300x300.jpg\" class=\"attachment-medium size-medium wp-image-1329\" alt=\"OPzV Tubular Gel Battery,energy storage, battery-storage-battery-charger, storage battery\" srcset=\"https:\/\/csbattery.cn\/wp-content\/uploads\/2022\/12\/OPzV-Series-300x300.jpg 300w, https:\/\/csbattery.cn\/wp-content\/uploads\/2022\/12\/OPzV-Series-150x150.jpg 150w, https:\/\/csbattery.cn\/wp-content\/uploads\/2022\/12\/OPzV-Series-768x768.jpg 768w, https:\/\/csbattery.cn\/wp-content\/uploads\/2022\/12\/OPzV-Series.jpg 800w\" sizes=\"(max-width: 300px) 100vw, 300px\" \/><\/div>\n\t\t<\/a>\n\t\t\t\t<div class=\"elementor-post__text\">\n\t\t\t\t<h3 class=\"elementor-post__title\">\n\t\t\t<a href=\"https:\/\/csbattery.cn\/fr\/products\/opzv-tubular-gel-deep-cycle-battery\/\" >\n\t\t\t\tBatterie gel tubulaire OPzV\t\t\t<\/a>\n\t\t<\/h3>\n\t\t\t\t<div class=\"elementor-post__excerpt\">\n\t\t\t<p>Plaque tubulaire s\u00e9rie OPzV avec gel pur<\/p>\n\t\t<\/div>\n\t\t\t\t\t<div class=\"elementor-post__read-more-wrapper\">\n\t\t\n\t\t<a class=\"elementor-post__read-more\" href=\"https:\/\/csbattery.cn\/fr\/products\/opzv-tubular-gel-deep-cycle-battery\/\" aria-label=\"En savoir plus sur OPzV Tubular Gel Battery\" tabindex=\"-1\" >\n\t\t\tEn savoir plus\t\t<\/a>\n\n\t\t\t\t\t<\/div>\n\t\t\t\t<\/div>\n\t\t\t\t<\/article>\n\t\t\t\t<article class=\"elementor-post elementor-grid-item post-1452 products type-products status-publish has-post-thumbnail hentry product_tag-24v-36v-48v-384v-512v-lifepo4-batteries product_tag-50ah-100ah-150ah-200ah-up-1000ah-lifepo4-batteries product_tag-lifepo4-battery-with-bms-board product_tag-lifepo4-battery-pack-for-19-power-cabinet product_tag-lifepo4-batteries-with-protocol-modbus-rs485-rs232-can product_category-lifepo4-batteries-for-19r product_category-lifepo4-battery\" role=\"listitem\">\n\t\t\t\t<a class=\"elementor-post__thumbnail__link\" href=\"https:\/\/csbattery.cn\/fr\/products\/48v-512v-lifepo4-batteries-for-19rank\/\" tabindex=\"-1\" >\n\t\t\t<div class=\"elementor-post__thumbnail\"><img decoding=\"async\" width=\"300\" height=\"300\" src=\"https:\/\/csbattery.cn\/wp-content\/uploads\/2022\/08\/LPR-300x300.webp\" class=\"attachment-medium size-medium wp-image-5278\" alt=\"\" srcset=\"https:\/\/csbattery.cn\/wp-content\/uploads\/2022\/08\/LPR-300x300.webp 300w, https:\/\/csbattery.cn\/wp-content\/uploads\/2022\/08\/LPR-1024x1024.webp 1024w, https:\/\/csbattery.cn\/wp-content\/uploads\/2022\/08\/LPR-150x150.webp 150w, https:\/\/csbattery.cn\/wp-content\/uploads\/2022\/08\/LPR-768x768.webp 768w, https:\/\/csbattery.cn\/wp-content\/uploads\/2022\/08\/LPR-12x12.webp 12w, https:\/\/csbattery.cn\/wp-content\/uploads\/2022\/08\/LPR.webp 1123w\" sizes=\"(max-width: 300px) 100vw, 300px\" \/><\/div>\n\t\t<\/a>\n\t\t\t\t<div class=\"elementor-post__text\">\n\t\t\t\t<h3 class=\"elementor-post__title\">\n\t\t\t<a href=\"https:\/\/csbattery.cn\/fr\/products\/48v-512v-lifepo4-batteries-for-19rank\/\" >\n\t\t\t\tBatteries LiFePO4 pour 19&#039;Rank\t\t\t<\/a>\n\t\t<\/h3>\n\t\t\t\t<div class=\"elementor-post__excerpt\">\n\t\t\t<p>LPR series battery system is 48V\/ 24V\/<\/p>\n\t\t<\/div>\n\t\t\t\t\t<div class=\"elementor-post__read-more-wrapper\">\n\t\t\n\t\t<a class=\"elementor-post__read-more\" href=\"https:\/\/csbattery.cn\/fr\/products\/48v-512v-lifepo4-batteries-for-19rank\/\" aria-label=\"En savoir plus sur LiFePO4 Batteries for 19&#8217;Rank\" tabindex=\"-1\" >\n\t\t\tEn savoir plus\t\t<\/a>\n\n\t\t\t\t\t<\/div>\n\t\t\t\t<\/div>\n\t\t\t\t<\/article>\n\t\t\t\t<article class=\"elementor-post elementor-grid-item post-4997 products type-products status-publish has-post-thumbnail hentry product_tag-24v-36v-48v-384v-512v-lifepo4-batteries product_tag-50ah-100ah-150ah-200ah-up-1000ah-lifepo4-batteries product_tag-lifepo4-battery-with-bms-board product_tag-lifepo4-batteries-with-protocol-modbus-rs485-rs232-can product_category-lifepo4-battery product_category-power-wall-lithium-batteries\" role=\"listitem\">\n\t\t\t\t<a class=\"elementor-post__thumbnail__link\" href=\"https:\/\/csbattery.cn\/fr\/products\/lifepo4-batteries-for-wall-mounted\/\" tabindex=\"-1\" >\n\t\t\t<div class=\"elementor-post__thumbnail\"><img loading=\"lazy\" decoding=\"async\" width=\"300\" height=\"300\" src=\"https:\/\/csbattery.cn\/wp-content\/uploads\/2022\/08\/LPW-300x300.webp\" class=\"attachment-medium size-medium wp-image-5279\" alt=\"\" srcset=\"https:\/\/csbattery.cn\/wp-content\/uploads\/2022\/08\/LPW-300x300.webp 300w, https:\/\/csbattery.cn\/wp-content\/uploads\/2022\/08\/LPW-1024x1024.webp 1024w, https:\/\/csbattery.cn\/wp-content\/uploads\/2022\/08\/LPW-150x150.webp 150w, https:\/\/csbattery.cn\/wp-content\/uploads\/2022\/08\/LPW-768x768.webp 768w, https:\/\/csbattery.cn\/wp-content\/uploads\/2022\/08\/LPW-12x12.webp 12w, https:\/\/csbattery.cn\/wp-content\/uploads\/2022\/08\/LPW.webp 1123w\" sizes=\"(max-width: 300px) 100vw, 300px\" \/><\/div>\n\t\t<\/a>\n\t\t\t\t<div class=\"elementor-post__text\">\n\t\t\t\t<h3 class=\"elementor-post__title\">\n\t\t\t<a href=\"https:\/\/csbattery.cn\/fr\/products\/lifepo4-batteries-for-wall-mounted\/\" >\n\t\t\t\tLiFePO4 Batteries for Power Wall Mounted\t\t\t<\/a>\n\t\t<\/h3>\n\t\t\t\t<div class=\"elementor-post__excerpt\">\n\t\t\t<p>LPW series battery system is 48V\/ 24V\/<\/p>\n\t\t<\/div>\n\t\t\t\t\t<div class=\"elementor-post__read-more-wrapper\">\n\t\t\n\t\t<a class=\"elementor-post__read-more\" href=\"https:\/\/csbattery.cn\/fr\/products\/lifepo4-batteries-for-wall-mounted\/\" aria-label=\"En savoir plus sur LiFePO4 Batteries for Power Wall Mounted\" tabindex=\"-1\" >\n\t\t\tEn savoir plus\t\t<\/a>\n\n\t\t\t\t\t<\/div>\n\t\t\t\t<\/div>\n\t\t\t\t<\/article>\n\t\t\t\t<article class=\"elementor-post elementor-grid-item post-1450 products type-products status-publish has-post-thumbnail hentry product_tag-lifepo4-cell-100-dod-2200-cycles-battery product_tag-max-4-series-4-parallel-connected product_tag-lithium-battery-with-sla-battery-shell product_tag-suppler-deep-cycle-lifepo4-battery product_tag-12v300ah-24v200ah-lifepo4-battery-pack product_category-lifepo4-replace-sla-batteries product_category-lifepo4-battery\" role=\"listitem\">\n\t\t\t\t<a class=\"elementor-post__thumbnail__link\" href=\"https:\/\/csbattery.cn\/fr\/products\/12v-24v-48v-lithium-lifepo4-replace-sla-vrla-battery\/\" tabindex=\"-1\" >\n\t\t\t<div class=\"elementor-post__thumbnail\"><img loading=\"lazy\" decoding=\"async\" width=\"300\" height=\"300\" src=\"https:\/\/csbattery.cn\/wp-content\/uploads\/2022\/08\/LFP-300x300.webp\" class=\"attachment-medium size-medium wp-image-5280\" alt=\"\" srcset=\"https:\/\/csbattery.cn\/wp-content\/uploads\/2022\/08\/LFP-300x300.webp 300w, https:\/\/csbattery.cn\/wp-content\/uploads\/2022\/08\/LFP-1024x1024.webp 1024w, https:\/\/csbattery.cn\/wp-content\/uploads\/2022\/08\/LFP-150x150.webp 150w, https:\/\/csbattery.cn\/wp-content\/uploads\/2022\/08\/LFP-768x768.webp 768w, https:\/\/csbattery.cn\/wp-content\/uploads\/2022\/08\/LFP-12x12.webp 12w, https:\/\/csbattery.cn\/wp-content\/uploads\/2022\/08\/LFP.webp 1123w\" sizes=\"(max-width: 300px) 100vw, 300px\" \/><\/div>\n\t\t<\/a>\n\t\t\t\t<div class=\"elementor-post__text\">\n\t\t\t\t<h3 class=\"elementor-post__title\">\n\t\t\t<a href=\"https:\/\/csbattery.cn\/fr\/products\/12v-24v-48v-lithium-lifepo4-replace-sla-vrla-battery\/\" >\n\t\t\t\tLifePO4 Remplacer la batterie SLA\t\t\t<\/a>\n\t\t<\/h3>\n\t\t\t\t<div class=\"elementor-post__excerpt\">\n\t\t\t<p>LFP Series Lithium Iron Phosphate ( LiFePO4<\/p>\n\t\t<\/div>\n\t\t\t\t\t<div class=\"elementor-post__read-more-wrapper\">\n\t\t\n\t\t<a class=\"elementor-post__read-more\" href=\"https:\/\/csbattery.cn\/fr\/products\/12v-24v-48v-lithium-lifepo4-replace-sla-vrla-battery\/\" aria-label=\"En savoir plus sur LifePO4 Replace SLA Battery\" tabindex=\"-1\" >\n\t\t\tEn savoir plus\t\t<\/a>\n\n\t\t\t\t\t<\/div>\n\t\t\t\t<\/div>\n\t\t\t\t<\/article>\n\t\t\t\t<article class=\"elementor-post elementor-grid-item post-1322 products type-products status-publish has-post-thumbnail hentry product_tag-50-dod-3200-cycles-battery product_tag-deepth-discharge-battery product_tag-fast-charge-lead-carbon-battery product_tag-lead-carbon-plate-battery product_tag-supper-deep-cycle-battery-fast-charge-deep-cycle-lead-carbon-battery-advance product_category-deep-cycle-gel-battery product_category-fast-c-lead-carbon-battery\" role=\"listitem\">\n\t\t\t\t<a class=\"elementor-post__thumbnail__link\" href=\"https:\/\/csbattery.cn\/fr\/products\/fast-charge-deep-cycle-lead-carbon-battery\/\" tabindex=\"-1\" >\n\t\t\t<div class=\"elementor-post__thumbnail\"><img loading=\"lazy\" decoding=\"async\" width=\"300\" height=\"300\" src=\"https:\/\/csbattery.cn\/wp-content\/uploads\/2022\/12\/HDC-Mix-300x300.jpg\" class=\"attachment-medium size-medium wp-image-1324\" alt=\"F-Charge Lead Carbon Battery,Power Sector Project,Telecom Services,rechargeable\" srcset=\"https:\/\/csbattery.cn\/wp-content\/uploads\/2022\/12\/HDC-Mix-300x300.jpg 300w, https:\/\/csbattery.cn\/wp-content\/uploads\/2022\/12\/HDC-Mix-150x150.jpg 150w, https:\/\/csbattery.cn\/wp-content\/uploads\/2022\/12\/HDC-Mix-768x768.jpg 768w, https:\/\/csbattery.cn\/wp-content\/uploads\/2022\/12\/HDC-Mix.jpg 800w\" sizes=\"(max-width: 300px) 100vw, 300px\" \/><\/div>\n\t\t<\/a>\n\t\t\t\t<div class=\"elementor-post__text\">\n\t\t\t\t<h3 class=\"elementor-post__title\">\n\t\t\t<a href=\"https:\/\/csbattery.cn\/fr\/products\/fast-charge-deep-cycle-lead-carbon-battery\/\" >\n\t\t\t\tBatterie plomb-carbone F-Charge\t\t\t<\/a>\n\t\t<\/h3>\n\t\t\t\t<div class=\"elementor-post__excerpt\">\n\t\t\t<p>Les batteries au plomb-carbone de la s\u00e9rie HDC utilisent des<\/p>\n\t\t<\/div>\n\t\t\t\t\t<div class=\"elementor-post__read-more-wrapper\">\n\t\t\n\t\t<a class=\"elementor-post__read-more\" href=\"https:\/\/csbattery.cn\/fr\/products\/fast-charge-deep-cycle-lead-carbon-battery\/\" aria-label=\"En savoir plus sur F-Charge Lead Carbon Battery\" tabindex=\"-1\" >\n\t\t\tEn savoir plus\t\t<\/a>\n\n\t\t\t\t\t<\/div>\n\t\t\t\t<\/div>\n\t\t\t\t<\/article>\n\t\t\t\t<\/div>\n\t\t\n\t\t\t\t\t\t<\/div>\n\t\t\t\t<\/div>\n\t\t\t\t\t<\/div>\n\t\t<\/div>\n\t\t\t\t\t<\/div>\n\t\t<\/section>\n\t\t\t\t\t<\/div>\n\t\t<\/div>\n\t\t\t\t<div class=\"elementor-column elementor-col-66 elementor-top-column elementor-element elementor-element-caf99b2\" data-id=\"caf99b2\" data-element_type=\"column\">\n\t\t\t<div class=\"elementor-widget-wrap elementor-element-populated\">\n\t\t\t\t\t\t<div class=\"elementor-element elementor-element-45c999f secondary-color elementor-widget elementor-widget-text-editor\" data-id=\"45c999f\" data-element_type=\"widget\" data-widget_type=\"text-editor.default\">\n\t\t\t\t\t\t\t\t\t<strong>Batterie CS<\/strong> propose une tr\u00e8s large gamme de produits de batteries dans diverses industries du monde entier. Pour chacune de nos activit\u00e9s, nous consid\u00e9rons le support client, la satisfaction et les commentaires comme un \u00e9l\u00e9ment essentiel de notre effort marketing global. CSBattery avec des op\u00e9rations sur six continents, permettant \u00e0 nos produits d&#039;\u00eatre disponibles et de b\u00e9n\u00e9ficier d&#039;un support technique partout dans le monde.\t\t\t\t\t\t\t\t<\/div>\n\t\t\t\t<div class=\"elementor-element elementor-element-d1ed7d7 elementor-widget elementor-widget-image\" data-id=\"d1ed7d7\" data-element_type=\"widget\" data-widget_type=\"image.default\">\n\t\t\t\t\t\t\t\t\t\t\t\t\t\t\t<img loading=\"lazy\" decoding=\"async\" width=\"800\" height=\"450\" src=\"https:\/\/csbattery.cn\/wp-content\/uploads\/2022\/12\/World-Map.jpg\" class=\"attachment-large size-large wp-image-905\" alt=\"Network Service,battery\" srcset=\"https:\/\/csbattery.cn\/wp-content\/uploads\/2022\/12\/World-Map.jpg.webp 1000w, https:\/\/csbattery.cn\/wp-content\/uploads\/2022\/12\/World-Map-300x169.jpg.webp 300w, https:\/\/csbattery.cn\/wp-content\/uploads\/2022\/12\/World-Map-768x432.jpg.webp 768w\" sizes=\"(max-width: 800px) 100vw, 800px\" \/>\t\t\t\t\t\t\t\t\t\t\t\t\t\t\t<\/div>\n\t\t\t\t<div class=\"elementor-element elementor-element-a5efcc9 secondary-color elementor-widget elementor-widget-text-editor\" data-id=\"a5efcc9\" data-element_type=\"widget\" data-widget_type=\"text-editor.default\">\n\t\t\t\t\t\t\t\t\t<p><strong>Plus de 6\u00a0<\/strong>bureaux dans le monde<\/p><p><strong>Plus de 50<\/strong>\u00a0distributeurs \/ agents<\/p><p><strong>Plus de 1200<\/strong>\u00a0partenaire.<\/p>\t\t\t\t\t\t\t\t<\/div>\n\t\t\t\t<div class=\"elementor-element elementor-element-fe24bbe secondary-color elementor-widget elementor-widget-text-editor\" data-id=\"fe24bbe\" data-element_type=\"widget\" data-widget_type=\"text-editor.default\">\n\t\t\t\t\t\t\t\t\t<strong>CSBattery<\/strong> notre pr\u00e9sence mondiale, l&#039;\u00e9tendue de nos produits et notre solidit\u00e9 financi\u00e8re nous permettent de gagner sur les march\u00e9s concurrentiels d&#039;aujourd&#039;hui.\t\t\t\t\t\t\t\t<\/div>\n\t\t\t\t<div class=\"elementor-element elementor-element-6ef3af5 secondary-color elementor-widget elementor-widget-text-editor\" data-id=\"6ef3af5\" data-element_type=\"widget\" data-widget_type=\"text-editor.default\">\n\t\t\t\t\t\t\t\t\t<p><strong>R\u00e9partition des ventes<\/strong><\/p><p>Les \u00e9quipes de service mondiales et les r\u00e9seaux de partenaires de CSBattery offrent aux clients finaux une assistance \u00e0 valeur ajout\u00e9e, un service, des produits, des solutions et des am\u00e9liorations de premier ordre pour prot\u00e9ger leur capital et son utilisation efficace.<\/p><p><strong>CSBattery Chine<\/strong><\/p><p>\u2022 Mr.Leo.Liu (Produit, Coop\u00e9ration) \u2022 Wechat : A001 CSBattery \u2022 Whatsapp : +8613612867133 \u2022 EMail : Sales@csbattery.cn<\/p><p><strong>Bureaux des distributeurs r\u00e9gionaux<\/strong><\/p><p><strong>CSBattery Espagne<\/strong><\/p><p>\u2022 Mr.Emilo (Produit, Coop\u00e9ration) \u2022 EMail\u00a0: Emilo.Sp@csbattery.cn<\/p><p><strong>CSBattery Royaume-Uni<\/strong><\/p><p>\u2022 Mr.Jason (Produit, Coop\u00e9ration) \u2022 E-mail : Jason.Uk@csbattery.cn<\/p><p><strong>CSBattery Australie<\/strong><\/p><p>\u2022 M.Gavin Pereira (Produit, Coop\u00e9ration) \u2022 Courriel : gavin@climatecatalysts.com.au<\/p><p><strong>CSBattery Philippines<\/strong><\/p><p>\u2022 Mr.Mark Joseph Siapno (Produit, Coop\u00e9ration) \u2022 Courriel : mj_siapno@yahoo.com<\/p><p><strong>CSBattery Nig\u00e9ria<\/strong><\/p><p>\u2022 Mr.Nelson (Produit, Coop\u00e9ration) \u2022 E-mail : adimaxcontrolsbest@gmail.com \u2022 T\u00e9l : +234 906 639 3201 \u2022 Site Web : adimaxtech.com<\/p><p><strong>CSBattery Segegal<\/strong><\/p><p>\u2022 M. Adrien joseph Sarr ( Produit, Coop\u00e9ration ) \u2022 E-mail : soperiel@soperiel.com \u2022 Site Internet : www.soperiel.com<\/p><p><strong>CSBattery Comorin<\/strong><\/p><p>\u2022 M. Molkane Mohamed (Produit, Coop\u00e9ration) \u2022 EMail : moulkane@gmail.com<\/p><p><strong>CSBattery Cambodge<\/strong><\/p><p>\u2022 M. Socheat Pao (Sales &amp; Service Manager) \u2022 E-mail : contact@ecobatt-energy.com \u2022 T\u00e9l : +855 99 399 188 \u2022 Site Internet : www.ecobatt-energy.com\u00a0<\/p>\t\t\t\t\t\t\t\t<\/div>\n\t\t\t\t\t<\/div>\n\t\t<\/div>\n\t\t\t\t\t<\/div>\n\t\t<\/section>\n\t\t\t\t<\/div>","protected":false},"excerpt":{"rendered":"<p>Welcome to be CSBattery Partner Distributor, Retailer, Wholesaler Join Us With Any Of These Roles Technical Service Network Service Technical Support FAQs Tech Doc Download Need Battery Urgent? You can contact us in any way that is convenient for you. We are available 24\/7 via: info@csbattery.cn or WhatsApp\/WeChat: +8613612867133 CONTACT US New Products CS Battery [&hellip;]<\/p>","protected":false},"author":1,"featured_media":0,"parent":0,"menu_order":301,"comment_status":"closed","ping_status":"closed","template":"elementor_header_footer","meta":{"footnotes":""},"class_list":["post-873","page","type-page","status-publish","hentry"],"_links":{"self":[{"href":"https:\/\/csbattery.cn\/fr\/wp-json\/wp\/v2\/pages\/873","targetHints":{"allow":["GET"]}}],"collection":[{"href":"https:\/\/csbattery.cn\/fr\/wp-json\/wp\/v2\/pages"}],"about":[{"href":"https:\/\/csbattery.cn\/fr\/wp-json\/wp\/v2\/types\/page"}],"author":[{"embeddable":true,"href":"https:\/\/csbattery.cn\/fr\/wp-json\/wp\/v2\/users\/1"}],"replies":[{"embeddable":true,"href":"https:\/\/csbattery.cn\/fr\/wp-json\/wp\/v2\/comments?post=873"}],"version-history":[{"count":0,"href":"https:\/\/csbattery.cn\/fr\/wp-json\/wp\/v2\/pages\/873\/revisions"}],"wp:attachment":[{"href":"https:\/\/csbattery.cn\/fr\/wp-json\/wp\/v2\/media?parent=873"}],"curies":[{"name":"wp","href":"https:\/\/api.w.org\/{rel}","templated":true}]}}