{"id":883,"date":"2022-12-09T19:42:28","date_gmt":"2022-12-09T19:42:28","guid":{"rendered":"https:\/\/csbattery.cn\/?page_id=883"},"modified":"2024-03-13T12:02:58","modified_gmt":"2024-03-13T12:02:58","slug":"technical-support","status":"publish","type":"page","link":"https:\/\/csbattery.cn\/es\/technical-support\/","title":{"rendered":"Apoyo t\u00e9cnico"},"content":{"rendered":"<div data-elementor-type=\"wp-page\" data-elementor-id=\"883\" class=\"elementor elementor-883\" data-elementor-post-type=\"page\">\n\t\t\t\t\t\t<section class=\"elementor-section elementor-top-section elementor-element elementor-element-7d54719 elementor-section-height-min-height elementor-section-boxed elementor-section-height-default elementor-section-items-middle\" data-id=\"7d54719\" data-element_type=\"section\" data-settings=\"{&quot;jet_parallax_layout_list&quot;:[],&quot;background_background&quot;:&quot;classic&quot;}\">\n\t\t\t\t\t\t<div class=\"elementor-container elementor-column-gap-default\">\n\t\t\t\t\t<div class=\"elementor-column elementor-col-50 elementor-top-column elementor-element elementor-element-d9ecba3\" data-id=\"d9ecba3\" data-element_type=\"column\" data-settings=\"{&quot;background_background&quot;:&quot;classic&quot;}\">\n\t\t\t<div class=\"elementor-widget-wrap elementor-element-populated\">\n\t\t\t\t\t\t<div class=\"elementor-element elementor-element-681e01c elementor-widget elementor-widget-heading\" data-id=\"681e01c\" data-element_type=\"widget\" data-widget_type=\"heading.default\">\n\t\t\t\t\t<h2 class=\"elementor-heading-title elementor-size-default\">Bienvenido a ser socio de CSBattery<\/h2>\t\t\t\t<\/div>\n\t\t\t\t<div class=\"elementor-element elementor-element-b2531b1 elementor-widget elementor-widget-heading\" data-id=\"b2531b1\" data-element_type=\"widget\" data-widget_type=\"heading.default\">\n\t\t\t\t\t<h2 class=\"elementor-heading-title elementor-size-default\">Distribuidor, minorista, Wholesaler \u00danase a nosotros con cualquiera de estos roles<\/h2>\t\t\t\t<\/div>\n\t\t\t\t\t<\/div>\n\t\t<\/div>\n\t\t\t\t<div class=\"elementor-column elementor-col-50 elementor-top-column elementor-element elementor-element-c1b39a3\" data-id=\"c1b39a3\" data-element_type=\"column\">\n\t\t\t<div class=\"elementor-widget-wrap\">\n\t\t\t\t\t\t\t<\/div>\n\t\t<\/div>\n\t\t\t\t\t<\/div>\n\t\t<\/section>\n\t\t\t\t<section class=\"elementor-section elementor-top-section elementor-element elementor-element-c0df2d5 elementor-reverse-mobile elementor-section-boxed elementor-section-height-default elementor-section-height-default\" data-id=\"c0df2d5\" data-element_type=\"section\" data-settings=\"{&quot;jet_parallax_layout_list&quot;:[]}\">\n\t\t\t\t\t\t<div class=\"elementor-container elementor-column-gap-default\">\n\t\t\t\t\t<div class=\"elementor-column elementor-col-33 elementor-top-column elementor-element elementor-element-9cd413e\" data-id=\"9cd413e\" data-element_type=\"column\">\n\t\t\t<div class=\"elementor-widget-wrap elementor-element-populated\">\n\t\t\t\t\t\t<section class=\"elementor-section elementor-inner-section elementor-element elementor-element-9a32bd8 elementor-section-boxed elementor-section-height-default elementor-section-height-default\" data-id=\"9a32bd8\" data-element_type=\"section\" data-settings=\"{&quot;jet_parallax_layout_list&quot;:[],&quot;background_background&quot;:&quot;classic&quot;,&quot;sticky&quot;:&quot;top&quot;,&quot;sticky_on&quot;:[&quot;desktop&quot;,&quot;tablet&quot;],&quot;sticky_offset&quot;:100,&quot;sticky_parent&quot;:&quot;yes&quot;,&quot;sticky_effects_offset&quot;:0,&quot;sticky_anchor_link_offset&quot;:0}\">\n\t\t\t\t\t\t<div class=\"elementor-container elementor-column-gap-default\">\n\t\t\t\t\t<div class=\"elementor-column elementor-col-100 elementor-inner-column elementor-element elementor-element-524b4aa\" data-id=\"524b4aa\" data-element_type=\"column\">\n\t\t\t<div class=\"elementor-widget-wrap elementor-element-populated\">\n\t\t\t\t\t\t<div class=\"elementor-element elementor-element-0f56738 elementor-widget elementor-widget-heading\" data-id=\"0f56738\" data-element_type=\"widget\" data-widget_type=\"heading.default\">\n\t\t\t\t\t<h5 class=\"elementor-heading-title elementor-size-default\">Servicio tecnico\n<\/h5>\t\t\t\t<\/div>\n\t\t\t\t<div class=\"elementor-element elementor-element-058e801 Categories-Menu elementor-icon-list--layout-traditional elementor-list-item-link-full_width elementor-widget elementor-widget-global elementor-global-920 elementor-widget-icon-list\" data-id=\"058e801\" data-element_type=\"widget\" data-widget_type=\"icon-list.default\">\n\t\t\t\t\t\t\t<ul class=\"elementor-icon-list-items\">\n\t\t\t\t\t\t\t<li class=\"elementor-icon-list-item\">\n\t\t\t\t\t\t\t\t\t\t\t<a href=\"\/es\/network-service\/\">\n\n\t\t\t\t\t\t\t\t\t\t\t<span class=\"elementor-icon-list-text\">Servicio de red<\/span>\n\t\t\t\t\t\t\t\t\t\t\t<\/a>\n\t\t\t\t\t\t\t\t\t<\/li>\n\t\t\t\t\t\t\t\t<li class=\"elementor-icon-list-item\">\n\t\t\t\t\t\t\t\t\t\t\t<a href=\"\/es\/technical-support\/\">\n\n\t\t\t\t\t\t\t\t\t\t\t<span class=\"elementor-icon-list-text\">Apoyo t\u00e9cnico<\/span>\n\t\t\t\t\t\t\t\t\t\t\t<\/a>\n\t\t\t\t\t\t\t\t\t<\/li>\n\t\t\t\t\t\t\t\t<li class=\"elementor-icon-list-item\">\n\t\t\t\t\t\t\t\t\t\t\t<a href=\"\/es\/faqs\/\">\n\n\t\t\t\t\t\t\t\t\t\t\t<span class=\"elementor-icon-list-text\">preguntas frecuentes<\/span>\n\t\t\t\t\t\t\t\t\t\t\t<\/a>\n\t\t\t\t\t\t\t\t\t<\/li>\n\t\t\t\t\t\t\t\t<li class=\"elementor-icon-list-item\">\n\t\t\t\t\t\t\t\t\t\t\t<a href=\"\/es\/tech-doc-download\/\">\n\n\t\t\t\t\t\t\t\t\t\t\t<span class=\"elementor-icon-list-text\">Descargar documento t\u00e9cnico<\/span>\n\t\t\t\t\t\t\t\t\t\t\t<\/a>\n\t\t\t\t\t\t\t\t\t<\/li>\n\t\t\t\t\t\t<\/ul>\n\t\t\t\t\t\t<\/div>\n\t\t\t\t<div class=\"elementor-element elementor-element-f713cb1 elementor-cta--skin-cover elementor-bg-transform elementor-bg-transform-zoom-in elementor-widget elementor-widget-call-to-action\" data-id=\"f713cb1\" data-element_type=\"widget\" data-widget_type=\"call-to-action.default\">\n\t\t\t\t\t\t\t<div class=\"elementor-cta\">\n\t\t\t\t\t<div class=\"elementor-cta__bg-wrapper\">\n\t\t\t\t<div class=\"elementor-cta__bg elementor-bg\" style=\"background-image: url(https:\/\/csbattery.cn\/wp-content\/uploads\/2022\/12\/Need-Battery-Urgent.jpg);\" role=\"img\" aria-label=\"Single Product Template, storage battery, nickel iron battery\"><\/div>\n\t\t\t\t<div class=\"elementor-cta__bg-overlay\"><\/div>\n\t\t\t<\/div>\n\t\t\t\t\t\t\t<div class=\"elementor-cta__content\">\n\t\t\t\t\n\t\t\t\t\t\t\t\t\t<h2 class=\"elementor-cta__title elementor-cta__content-item elementor-content-item\">\n\t\t\t\t\t\t\u00bfNecesita bater\u00eda urgente?\t\t\t\t\t<\/h2>\n\t\t\t\t\n\t\t\t\t\t\t\t\t\t<div class=\"elementor-cta__description elementor-cta__content-item elementor-content-item\">\n\t\t\t\t\t\tPuede ponerse en contacto con nosotros de cualquier manera que sea conveniente para usted. Estamos disponibles las 24 horas, los 7 d\u00edas de la semana a trav\u00e9s de: info@csbattery.cn o WhatsApp\/WeChat: +8613612867133\t\t\t\t\t<\/div>\n\t\t\t\t\n\t\t\t\t\t\t\t\t\t<div class=\"elementor-cta__button-wrapper elementor-cta__content-item elementor-content-item\">\n\t\t\t\t\t<a class=\"elementor-cta__button elementor-button elementor-size-md\" href=\"\/es\/contact-us\/\">\n\t\t\t\t\t\tCONT\u00c1CTENOS\t\t\t\t\t<\/a>\n\t\t\t\t\t<\/div>\n\t\t\t\t\t\t\t<\/div>\n\t\t\t\t\t\t<\/div>\n\t\t\t\t\t\t<\/div>\n\t\t\t\t<div class=\"elementor-element elementor-element-ddc904b elementor-widget elementor-widget-spacer\" data-id=\"ddc904b\" data-element_type=\"widget\" data-widget_type=\"spacer.default\">\n\t\t\t\t\t\t\t<div class=\"elementor-spacer\">\n\t\t\t<div class=\"elementor-spacer-inner\"><\/div>\n\t\t<\/div>\n\t\t\t\t\t\t<\/div>\n\t\t\t\t<div class=\"elementor-element elementor-element-63220e9 elementor-widget elementor-widget-heading\" data-id=\"63220e9\" data-element_type=\"widget\" data-widget_type=\"heading.default\">\n\t\t\t\t\t<h5 class=\"elementor-heading-title elementor-size-default\">nuevos productos<\/h5>\t\t\t\t<\/div>\n\t\t\t\t<div class=\"elementor-element elementor-element-857f6a7 elementor-widget elementor-widget-image\" data-id=\"857f6a7\" data-element_type=\"widget\" data-widget_type=\"image.default\">\n\t\t\t\t\t\t\t\t\t\t\t\t\t\t\t<img decoding=\"async\" width=\"106\" height=\"21\" src=\"https:\/\/csbattery.cn\/wp-content\/uploads\/2022\/11\/title_line.png\" class=\"attachment-large size-large wp-image-62\" alt=\"title_line\uff0cstorage-battery\uff0chome solar energy system\uff0clithium cell\" \/>\t\t\t\t\t\t\t\t\t\t\t\t\t\t\t<\/div>\n\t\t\t\t<div class=\"elementor-element elementor-element-78096b3 elementor-grid-1 elementor-grid-tablet-1 elementor-posts--thumbnail-left elementor-grid-mobile-1 elementor-widget elementor-widget-posts\" data-id=\"78096b3\" data-element_type=\"widget\" data-settings=\"{&quot;classic_columns&quot;:&quot;1&quot;,&quot;classic_columns_tablet&quot;:&quot;1&quot;,&quot;classic_row_gap&quot;:{&quot;unit&quot;:&quot;px&quot;,&quot;size&quot;:20,&quot;sizes&quot;:[]},&quot;classic_columns_mobile&quot;:&quot;1&quot;,&quot;classic_row_gap_tablet&quot;:{&quot;unit&quot;:&quot;px&quot;,&quot;size&quot;:&quot;&quot;,&quot;sizes&quot;:[]},&quot;classic_row_gap_mobile&quot;:{&quot;unit&quot;:&quot;px&quot;,&quot;size&quot;:&quot;&quot;,&quot;sizes&quot;:[]}}\" data-widget_type=\"posts.classic\">\n\t\t\t\t<div class=\"elementor-widget-container\">\n\t\t\t\t\t\t\t<div class=\"elementor-posts-container elementor-posts elementor-posts--skin-classic elementor-grid\" role=\"list\">\n\t\t\t\t<article class=\"elementor-post elementor-grid-item post-354 products type-products status-publish has-post-thumbnail hentry product_tag-2v-12v-battery product_tag-50-dod-3300-cycles-opzv-battery product_tag-german-gel-electrolyte-battery product_tag-supper-deep-cycle-battery product_tag-tubular-gel-battery product_category-opzv-tubular-gel-battery product_category-opzv-opzs-tubular-battery product_category-solar-microgrids product_category-telecom product_category-utility\" role=\"listitem\">\n\t\t\t\t<a class=\"elementor-post__thumbnail__link\" href=\"https:\/\/csbattery.cn\/es\/products\/opzv-tubular-gel-deep-cycle-battery\/\" tabindex=\"-1\" >\n\t\t\t<div class=\"elementor-post__thumbnail\"><img fetchpriority=\"high\" decoding=\"async\" width=\"300\" height=\"300\" src=\"https:\/\/csbattery.cn\/wp-content\/uploads\/2022\/12\/OPzV-Series-300x300.jpg\" class=\"attachment-medium size-medium wp-image-1329\" alt=\"OPzV Tubular Gel Battery,energy storage, battery-storage-battery-charger, storage battery\" srcset=\"https:\/\/csbattery.cn\/wp-content\/uploads\/2022\/12\/OPzV-Series-300x300.jpg 300w, https:\/\/csbattery.cn\/wp-content\/uploads\/2022\/12\/OPzV-Series-150x150.jpg 150w, https:\/\/csbattery.cn\/wp-content\/uploads\/2022\/12\/OPzV-Series-768x768.jpg 768w, https:\/\/csbattery.cn\/wp-content\/uploads\/2022\/12\/OPzV-Series.jpg 800w\" sizes=\"(max-width: 300px) 100vw, 300px\" \/><\/div>\n\t\t<\/a>\n\t\t\t\t<div class=\"elementor-post__text\">\n\t\t\t\t<h3 class=\"elementor-post__title\">\n\t\t\t<a href=\"https:\/\/csbattery.cn\/es\/products\/opzv-tubular-gel-deep-cycle-battery\/\" >\n\t\t\t\tBater\u00eda de gel tubular OPzV\t\t\t<\/a>\n\t\t<\/h3>\n\t\t\t\t<div class=\"elementor-post__excerpt\">\n\t\t\t<p>Placa tubular serie OPzV con gel puro<\/p>\n\t\t<\/div>\n\t\t\t\t\t<div class=\"elementor-post__read-more-wrapper\">\n\t\t\n\t\t<a class=\"elementor-post__read-more\" href=\"https:\/\/csbattery.cn\/es\/products\/opzv-tubular-gel-deep-cycle-battery\/\" aria-label=\"M\u00e1s informaci\u00f3n sobre OPzV Tubular Gel Battery\" tabindex=\"-1\" >\n\t\t\tLeer m\u00e1s\t\t<\/a>\n\n\t\t\t\t\t<\/div>\n\t\t\t\t<\/div>\n\t\t\t\t<\/article>\n\t\t\t\t<article class=\"elementor-post elementor-grid-item post-1452 products type-products status-publish has-post-thumbnail hentry product_tag-24v-36v-48v-384v-512v-lifepo4-batteries product_tag-50ah-100ah-150ah-200ah-up-1000ah-lifepo4-batteries product_tag-lifepo4-battery-with-bms-board product_tag-lifepo4-battery-pack-for-19-power-cabinet product_tag-lifepo4-batteries-with-protocol-modbus-rs485-rs232-can product_category-lifepo4-batteries-for-19r product_category-lifepo4-battery\" role=\"listitem\">\n\t\t\t\t<a class=\"elementor-post__thumbnail__link\" href=\"https:\/\/csbattery.cn\/es\/products\/48v-512v-lifepo4-batteries-for-19rank\/\" tabindex=\"-1\" >\n\t\t\t<div class=\"elementor-post__thumbnail\"><img decoding=\"async\" width=\"300\" height=\"300\" src=\"https:\/\/csbattery.cn\/wp-content\/uploads\/2022\/08\/LPR-300x300.webp\" class=\"attachment-medium size-medium wp-image-5278\" alt=\"\" srcset=\"https:\/\/csbattery.cn\/wp-content\/uploads\/2022\/08\/LPR-300x300.webp 300w, https:\/\/csbattery.cn\/wp-content\/uploads\/2022\/08\/LPR-1024x1024.webp 1024w, https:\/\/csbattery.cn\/wp-content\/uploads\/2022\/08\/LPR-150x150.webp 150w, https:\/\/csbattery.cn\/wp-content\/uploads\/2022\/08\/LPR-768x768.webp 768w, https:\/\/csbattery.cn\/wp-content\/uploads\/2022\/08\/LPR-12x12.webp 12w, https:\/\/csbattery.cn\/wp-content\/uploads\/2022\/08\/LPR.webp 1123w\" sizes=\"(max-width: 300px) 100vw, 300px\" \/><\/div>\n\t\t<\/a>\n\t\t\t\t<div class=\"elementor-post__text\">\n\t\t\t\t<h3 class=\"elementor-post__title\">\n\t\t\t<a href=\"https:\/\/csbattery.cn\/es\/products\/48v-512v-lifepo4-batteries-for-19rank\/\" >\n\t\t\t\tBater\u00edas LiFePO4 para 19&#039;Rank\t\t\t<\/a>\n\t\t<\/h3>\n\t\t\t\t<div class=\"elementor-post__excerpt\">\n\t\t\t<p>LPR series battery system is 48V\/ 24V\/<\/p>\n\t\t<\/div>\n\t\t\t\t\t<div class=\"elementor-post__read-more-wrapper\">\n\t\t\n\t\t<a class=\"elementor-post__read-more\" href=\"https:\/\/csbattery.cn\/es\/products\/48v-512v-lifepo4-batteries-for-19rank\/\" aria-label=\"M\u00e1s informaci\u00f3n sobre LiFePO4 Batteries for 19&#8217;Rank\" tabindex=\"-1\" >\n\t\t\tLeer m\u00e1s\t\t<\/a>\n\n\t\t\t\t\t<\/div>\n\t\t\t\t<\/div>\n\t\t\t\t<\/article>\n\t\t\t\t<article class=\"elementor-post elementor-grid-item post-4997 products type-products status-publish has-post-thumbnail hentry product_tag-24v-36v-48v-384v-512v-lifepo4-batteries product_tag-50ah-100ah-150ah-200ah-up-1000ah-lifepo4-batteries product_tag-lifepo4-battery-with-bms-board product_tag-lifepo4-batteries-with-protocol-modbus-rs485-rs232-can product_category-lifepo4-battery product_category-power-wall-lithium-batteries\" role=\"listitem\">\n\t\t\t\t<a class=\"elementor-post__thumbnail__link\" href=\"https:\/\/csbattery.cn\/es\/products\/lifepo4-batteries-for-wall-mounted\/\" tabindex=\"-1\" >\n\t\t\t<div class=\"elementor-post__thumbnail\"><img loading=\"lazy\" decoding=\"async\" width=\"300\" height=\"300\" src=\"https:\/\/csbattery.cn\/wp-content\/uploads\/2022\/08\/LPW-300x300.webp\" class=\"attachment-medium size-medium wp-image-5279\" alt=\"\" srcset=\"https:\/\/csbattery.cn\/wp-content\/uploads\/2022\/08\/LPW-300x300.webp 300w, https:\/\/csbattery.cn\/wp-content\/uploads\/2022\/08\/LPW-1024x1024.webp 1024w, https:\/\/csbattery.cn\/wp-content\/uploads\/2022\/08\/LPW-150x150.webp 150w, https:\/\/csbattery.cn\/wp-content\/uploads\/2022\/08\/LPW-768x768.webp 768w, https:\/\/csbattery.cn\/wp-content\/uploads\/2022\/08\/LPW-12x12.webp 12w, https:\/\/csbattery.cn\/wp-content\/uploads\/2022\/08\/LPW.webp 1123w\" sizes=\"(max-width: 300px) 100vw, 300px\" \/><\/div>\n\t\t<\/a>\n\t\t\t\t<div class=\"elementor-post__text\">\n\t\t\t\t<h3 class=\"elementor-post__title\">\n\t\t\t<a href=\"https:\/\/csbattery.cn\/es\/products\/lifepo4-batteries-for-wall-mounted\/\" >\n\t\t\t\tLiFePO4 Batteries for Power Wall Mounted\t\t\t<\/a>\n\t\t<\/h3>\n\t\t\t\t<div class=\"elementor-post__excerpt\">\n\t\t\t<p>LPW series battery system is 48V\/ 24V\/<\/p>\n\t\t<\/div>\n\t\t\t\t\t<div class=\"elementor-post__read-more-wrapper\">\n\t\t\n\t\t<a class=\"elementor-post__read-more\" href=\"https:\/\/csbattery.cn\/es\/products\/lifepo4-batteries-for-wall-mounted\/\" aria-label=\"M\u00e1s informaci\u00f3n sobre LiFePO4 Batteries for Power Wall Mounted\" tabindex=\"-1\" >\n\t\t\tLeer m\u00e1s\t\t<\/a>\n\n\t\t\t\t\t<\/div>\n\t\t\t\t<\/div>\n\t\t\t\t<\/article>\n\t\t\t\t<article class=\"elementor-post elementor-grid-item post-1450 products type-products status-publish has-post-thumbnail hentry product_tag-lifepo4-cell-100-dod-2200-cycles-battery product_tag-max-4-series-4-parallel-connected product_tag-lithium-battery-with-sla-battery-shell product_tag-suppler-deep-cycle-lifepo4-battery product_tag-12v300ah-24v200ah-lifepo4-battery-pack product_category-lifepo4-replace-sla-batteries product_category-lifepo4-battery\" role=\"listitem\">\n\t\t\t\t<a class=\"elementor-post__thumbnail__link\" href=\"https:\/\/csbattery.cn\/es\/products\/12v-24v-48v-lithium-lifepo4-replace-sla-vrla-battery\/\" tabindex=\"-1\" >\n\t\t\t<div class=\"elementor-post__thumbnail\"><img loading=\"lazy\" decoding=\"async\" width=\"300\" height=\"300\" src=\"https:\/\/csbattery.cn\/wp-content\/uploads\/2022\/08\/LFP-300x300.webp\" class=\"attachment-medium size-medium wp-image-5280\" alt=\"\" srcset=\"https:\/\/csbattery.cn\/wp-content\/uploads\/2022\/08\/LFP-300x300.webp 300w, https:\/\/csbattery.cn\/wp-content\/uploads\/2022\/08\/LFP-1024x1024.webp 1024w, https:\/\/csbattery.cn\/wp-content\/uploads\/2022\/08\/LFP-150x150.webp 150w, https:\/\/csbattery.cn\/wp-content\/uploads\/2022\/08\/LFP-768x768.webp 768w, https:\/\/csbattery.cn\/wp-content\/uploads\/2022\/08\/LFP-12x12.webp 12w, https:\/\/csbattery.cn\/wp-content\/uploads\/2022\/08\/LFP.webp 1123w\" sizes=\"(max-width: 300px) 100vw, 300px\" \/><\/div>\n\t\t<\/a>\n\t\t\t\t<div class=\"elementor-post__text\">\n\t\t\t\t<h3 class=\"elementor-post__title\">\n\t\t\t<a href=\"https:\/\/csbattery.cn\/es\/products\/12v-24v-48v-lithium-lifepo4-replace-sla-vrla-battery\/\" >\n\t\t\t\tLifePO4 Reemplace la bater\u00eda SLA\t\t\t<\/a>\n\t\t<\/h3>\n\t\t\t\t<div class=\"elementor-post__excerpt\">\n\t\t\t<p>LFP Series Lithium Iron Phosphate ( LiFePO4<\/p>\n\t\t<\/div>\n\t\t\t\t\t<div class=\"elementor-post__read-more-wrapper\">\n\t\t\n\t\t<a class=\"elementor-post__read-more\" href=\"https:\/\/csbattery.cn\/es\/products\/12v-24v-48v-lithium-lifepo4-replace-sla-vrla-battery\/\" aria-label=\"M\u00e1s informaci\u00f3n sobre LifePO4 Replace SLA Battery\" tabindex=\"-1\" >\n\t\t\tLeer m\u00e1s\t\t<\/a>\n\n\t\t\t\t\t<\/div>\n\t\t\t\t<\/div>\n\t\t\t\t<\/article>\n\t\t\t\t<article class=\"elementor-post elementor-grid-item post-1322 products type-products status-publish has-post-thumbnail hentry product_tag-50-dod-3200-cycles-battery product_tag-deepth-discharge-battery product_tag-fast-charge-lead-carbon-battery product_tag-lead-carbon-plate-battery product_tag-supper-deep-cycle-battery-fast-charge-deep-cycle-lead-carbon-battery-advance product_category-deep-cycle-gel-battery product_category-fast-c-lead-carbon-battery\" role=\"listitem\">\n\t\t\t\t<a class=\"elementor-post__thumbnail__link\" href=\"https:\/\/csbattery.cn\/es\/products\/fast-charge-deep-cycle-lead-carbon-battery\/\" tabindex=\"-1\" >\n\t\t\t<div class=\"elementor-post__thumbnail\"><img loading=\"lazy\" decoding=\"async\" width=\"300\" height=\"300\" src=\"https:\/\/csbattery.cn\/wp-content\/uploads\/2022\/12\/HDC-Mix-300x300.jpg\" class=\"attachment-medium size-medium wp-image-1324\" alt=\"F-Charge Lead Carbon Battery,Power Sector Project,Telecom Services,rechargeable\" srcset=\"https:\/\/csbattery.cn\/wp-content\/uploads\/2022\/12\/HDC-Mix-300x300.jpg 300w, https:\/\/csbattery.cn\/wp-content\/uploads\/2022\/12\/HDC-Mix-150x150.jpg 150w, https:\/\/csbattery.cn\/wp-content\/uploads\/2022\/12\/HDC-Mix-768x768.jpg 768w, https:\/\/csbattery.cn\/wp-content\/uploads\/2022\/12\/HDC-Mix.jpg 800w\" sizes=\"(max-width: 300px) 100vw, 300px\" \/><\/div>\n\t\t<\/a>\n\t\t\t\t<div class=\"elementor-post__text\">\n\t\t\t\t<h3 class=\"elementor-post__title\">\n\t\t\t<a href=\"https:\/\/csbattery.cn\/es\/products\/fast-charge-deep-cycle-lead-carbon-battery\/\" >\n\t\t\t\tBater\u00eda de carbono de plomo F-Charge\t\t\t<\/a>\n\t\t<\/h3>\n\t\t\t\t<div class=\"elementor-post__excerpt\">\n\t\t\t<p>Las bater\u00edas de plomo y carbono de la serie HDC funcionan<\/p>\n\t\t<\/div>\n\t\t\t\t\t<div class=\"elementor-post__read-more-wrapper\">\n\t\t\n\t\t<a class=\"elementor-post__read-more\" href=\"https:\/\/csbattery.cn\/es\/products\/fast-charge-deep-cycle-lead-carbon-battery\/\" aria-label=\"M\u00e1s informaci\u00f3n sobre F-Charge Lead Carbon Battery\" tabindex=\"-1\" >\n\t\t\tLeer m\u00e1s\t\t<\/a>\n\n\t\t\t\t\t<\/div>\n\t\t\t\t<\/div>\n\t\t\t\t<\/article>\n\t\t\t\t<\/div>\n\t\t\n\t\t\t\t\t\t<\/div>\n\t\t\t\t<\/div>\n\t\t\t\t\t<\/div>\n\t\t<\/div>\n\t\t\t\t\t<\/div>\n\t\t<\/section>\n\t\t\t\t\t<\/div>\n\t\t<\/div>\n\t\t\t\t<div class=\"elementor-column elementor-col-66 elementor-top-column elementor-element elementor-element-9ee2eac\" data-id=\"9ee2eac\" data-element_type=\"column\">\n\t\t\t<div class=\"elementor-widget-wrap elementor-element-populated\">\n\t\t\t\t\t\t<div class=\"elementor-element elementor-element-df2529b elementor-widget elementor-widget-heading\" data-id=\"df2529b\" data-element_type=\"widget\" data-widget_type=\"heading.default\">\n\t\t\t\t\t<h2 class=\"elementor-heading-title elementor-size-default\">VENTAJA T\u00c9CNICA DE LA BATER\u00cdA CS\n\n<\/h2>\t\t\t\t<\/div>\n\t\t\t\t<div class=\"elementor-element elementor-element-d9666c7 secondary-color elementor-widget elementor-widget-text-editor\" data-id=\"d9666c7\" data-element_type=\"widget\" data-widget_type=\"text-editor.default\">\n\t\t\t\t\t\t\t\t\t<strong>CSBater\u00eda<\/strong> ha establecido centros de investigaci\u00f3n y desarrollo de clase mundial en Foshan, Guangdong, China, reuniendo a una gran cantidad de \u00e9lite de la industria, incluidos dos profesores y una docena de ingenieros senior que tienen una rica experiencia en investigaci\u00f3n de bater\u00edas, as\u00ed como en fabricaci\u00f3n, investigaci\u00f3n y desarrollo de centros de datos y equipos de infraestructura clave. el desempe\u00f1o de nuestros productos tiene altos est\u00e1ndares internacionales y una variedad de tecnolog\u00edas han obtenido patentes nacionales e internacionales tales como UPS, cargador de bater\u00eda, Smart IT Cabin Solution, etc. Por lo tanto, elija CSBattery, puede obtener soporte profesional con\t\t\t\t\t\t\t\t<\/div>\n\t\t\t\t<div class=\"elementor-element elementor-element-bbe9156 secondary-color elementor-widget elementor-widget-text-editor\" data-id=\"bbe9156\" data-element_type=\"widget\" data-widget_type=\"text-editor.default\">\n\t\t\t\t\t\t\t\t\t<ul><li>hojas de datos completas, manuales, software y certificados;<\/li><li>tiempo de respuesta de 24 horas para apoyar los sitios del proyecto;<\/li><li>ingenieros experimentados para ofrecer una combinaci\u00f3n perfecta de productos y soluciones personalizados.<\/li><\/ul>\t\t\t\t\t\t\t\t<\/div>\n\t\t\t\t<div class=\"elementor-element elementor-element-5eeb703 elementor-widget elementor-widget-image\" data-id=\"5eeb703\" data-element_type=\"widget\" data-widget_type=\"image.default\">\n\t\t\t\t\t\t\t\t\t\t\t\t\t\t\t<img loading=\"lazy\" decoding=\"async\" width=\"800\" height=\"325\" src=\"https:\/\/csbattery.cn\/wp-content\/uploads\/2022\/12\/CSBATTERY-TECHNICAL-ADVANTAGE.jpg\" class=\"attachment-large size-large wp-image-916\" alt=\"Technical Support,battery,lifepo4 cell, solar system\" srcset=\"https:\/\/csbattery.cn\/wp-content\/uploads\/2022\/12\/CSBATTERY-TECHNICAL-ADVANTAGE.jpg 920w, https:\/\/csbattery.cn\/wp-content\/uploads\/2022\/12\/CSBATTERY-TECHNICAL-ADVANTAGE-300x122.jpg 300w, https:\/\/csbattery.cn\/wp-content\/uploads\/2022\/12\/CSBATTERY-TECHNICAL-ADVANTAGE-768x312.jpg 768w\" sizes=\"(max-width: 800px) 100vw, 800px\" \/>\t\t\t\t\t\t\t\t\t\t\t\t\t\t\t<\/div>\n\t\t\t\t<div class=\"elementor-element elementor-element-c80f556 elementor-widget elementor-widget-heading\" data-id=\"c80f556\" data-element_type=\"widget\" data-widget_type=\"heading.default\">\n\t\t\t\t\t<h2 class=\"elementor-heading-title elementor-size-default\">CAPACITACI\u00d3N T\u00c9CNICA DE BATER\u00cdA CS\n\n\n<\/h2>\t\t\t\t<\/div>\n\t\t\t\t<div class=\"elementor-element elementor-element-6edf72c secondary-color elementor-widget elementor-widget-text-editor\" data-id=\"6edf72c\" data-element_type=\"widget\" data-widget_type=\"text-editor.default\">\n\t\t\t\t\t\t\t\t\t<p>El programa de capacitaci\u00f3n de CSBattery est\u00e1 dise\u00f1ado para cumplir con la aplicaci\u00f3n pr\u00e1ctica, los objetivos de capacitaci\u00f3n incluyen socios, usuarios y empleados de CSBattery. El curso de formaci\u00f3n variar\u00e1 seg\u00fan los antecedentes de los alumnos. Podemos brindar capacitaci\u00f3n en las siguientes \u00e1reas:<\/p><ul><li>Introducci\u00f3n al principio de funcionamiento del producto<\/li><li>Capacitaci\u00f3n en habilidades de mantenimiento de productos<\/li><li>Explicaci\u00f3n del caso de aplicaci\u00f3n del producto<\/li><li>Cursos personalizados para clientes espec\u00edficos<\/li><\/ul><p>La capacitaci\u00f3n precisa lo ayudar\u00e1 a responder de manera r\u00e1pida y eficiente en cualquier situaci\u00f3n, ayud\u00e1ndolo a mejorar la eficiencia operativa de las instalaciones de fabricaci\u00f3n.<\/p>\t\t\t\t\t\t\t\t<\/div>\n\t\t\t\t\t<\/div>\n\t\t<\/div>\n\t\t\t\t\t<\/div>\n\t\t<\/section>\n\t\t\t\t<\/div>","protected":false},"excerpt":{"rendered":"<p>Welcome to be CSBattery Partner Distributor, Retailer, Wholesaler Join Us With Any Of These Roles Technical Service Network Service Technical Support FAQs Tech Doc Download Need Battery Urgent? You can contact us in any way that is convenient for you. We are available 24\/7 via: info@csbattery.cn or WhatsApp\/WeChat: +8613612867133 CONTACT US New Products CSBATTERY TECHNICAL [&hellip;]<\/p>","protected":false},"author":1,"featured_media":0,"parent":0,"menu_order":302,"comment_status":"closed","ping_status":"closed","template":"elementor_header_footer","meta":{"footnotes":""},"class_list":["post-883","page","type-page","status-publish","hentry"],"_links":{"self":[{"href":"https:\/\/csbattery.cn\/es\/wp-json\/wp\/v2\/pages\/883","targetHints":{"allow":["GET"]}}],"collection":[{"href":"https:\/\/csbattery.cn\/es\/wp-json\/wp\/v2\/pages"}],"about":[{"href":"https:\/\/csbattery.cn\/es\/wp-json\/wp\/v2\/types\/page"}],"author":[{"embeddable":true,"href":"https:\/\/csbattery.cn\/es\/wp-json\/wp\/v2\/users\/1"}],"replies":[{"embeddable":true,"href":"https:\/\/csbattery.cn\/es\/wp-json\/wp\/v2\/comments?post=883"}],"version-history":[{"count":0,"href":"https:\/\/csbattery.cn\/es\/wp-json\/wp\/v2\/pages\/883\/revisions"}],"wp:attachment":[{"href":"https:\/\/csbattery.cn\/es\/wp-json\/wp\/v2\/media?parent=883"}],"curies":[{"name":"wp","href":"https:\/\/api.w.org\/{rel}","templated":true}]}}